{"id":3528,"date":"2018-02-10T21:52:20","date_gmt":"2018-02-10T21:52:20","guid":{"rendered":"http:\/\/lasvegastrafficticketfix.com\/?page_id=3528"},"modified":"2019-11-27T16:37:03","modified_gmt":"2019-11-27T19:37:03","slug":"henderson-justice-court","status":"publish","type":"page","link":"https:\/\/fixyourtickets.com\/es\/buscar-mi-multa\/henderson-justice-court\/","title":{"rendered":"Henderson Justice Court"},"content":{"rendered":"<p>Bienvenido a <a href=\"https:\/\/fixyourtickets.com\/es\/\">FixYourTickets.com<\/a> buscar una multa de tr\u00e1fico en Henderson Justice Court. Podemos ayudarlo a encontrar multas de tr\u00e1nsito perdidas, liquidar multas y detener \u00f3rdenes de arresto o arrestos adicionales.<\/p>\n<h2>Para obtener ayuda con una multa de tr\u00e1fico en el<\/h2>\n<h2>Henderson Justice Court llama<\/h2>\n<h1 style=\"text-align: left;\"><span style=\"color: #000000;\"><a style=\"color: #000000;\" href=\"tel:+1702XXXXXXX\">702-XXX-XXXX<\/a><\/span><\/h1>\n<div class=\"one_half\">\n<h5><a href=\"https:\/\/fixyourtickets.com\/es\/buscar-mi-multa\/las-vegas-justice-court\/\">Las Vegas Justice Court<\/a><\/h5>\n<h5><a href=\"https:\/\/fixyourtickets.com\/es\/buscar-mi-multa\/las-vegas-municipal-court\/\">Las Vegas Municipal Court<\/a><\/h5>\n<h5><a href=\"https:\/\/fixyourtickets.com\/es\/buscar-mi-multa\/north-las-vegas-municipal-court\/\">North Las Vegas Municipal Court<\/a><\/h5>\n<h5><a href=\"https:\/\/fixyourtickets.com\/es\/buscar-mi-multa\/henderson-justice-court\/\">Henderson Justice Court<\/a><\/h5>\n<h5><a href=\"https:\/\/fixyourtickets.com\/es\/buscar-mi-multa\/henderson-municipal-court\/\">Henderson Municipal Court<\/a><\/h5>\n<h5><a href=\"https:\/\/fixyourtickets.com\/es\/buscar-mi-multa\/clark-county-justice-court\/\">Clark County Justice Court<\/a><\/h5>\n<\/div>\n<div class=\"one_half last\">\n<h5>Nuestros Abogados pueden <\/br>Buscar una multa de tr\u00e1fico en: <\/br><\/br>Las Vegas, North Las Vegas, Henderson, <\/br>Boulder City or Clark County, Nevada. <\/br><\/br>O si necesita ayuda, llama:<\/h5>\n<h5 style=\"text-align: center;\"><a href=\"tel:+1702XXXXXXX\">702-XXX-XXXX<\/a><\/h5>\n<h5 style=\"text-align: center;\"><a href=\"https:\/\/fixyourtickets.com\/es\/repara-mi-multa-rapida\/\">Repara mi Multa Rapida<\/a><\/h5>\n<h5 style=\"text-align: center;\"><a href=\"https:\/\/fixyourtickets.com\/es\/tengo-una-orden-de-arresto\/\">Tengo una Orden de Arresto<\/a><\/h5>\n<\/div>\n<div class=\"clear\"><\/div>\n<h3>Buscar una multa de tr\u00e1fico en Henderson Justice Court<\/h3>\n","protected":false},"excerpt":{"rendered":"<p>Bienvenido a FixYourTickets.com buscar una multa de tr\u00e1fico en Henderson Justice Court. Podemos ayudarlo a encontrar multas de tr\u00e1nsito perdidas, liquidar multas y detener \u00f3rdenes de arresto o arrestos adicionales. Para obtener ayuda con una multa de tr\u00e1fico en el Henderson Justice Court llama 702-XXX-XXXX Buscar una multa de tr\u00e1fico en Henderson Justice Court<\/p>\n","protected":false},"author":211,"featured_media":0,"parent":3464,"menu_order":0,"comment_status":"closed","ping_status":"closed","template":"","meta":{"footnotes":""},"class_list":["post-3528","page","type-page","status-publish","hentry"],"yoast_head":"<!-- This site is optimized with the Yoast SEO plugin v27.4 - https:\/\/yoast.com\/product\/yoast-seo-wordpress\/ -->\n<title>Buscar una Multa de Tr\u00e1fico en Henderson Justice Court<\/title>\n<meta name=\"description\" content=\"Bienvenido a FixYourTickets.com buscar una multa de tr\u00e1fico en Henderson Justice Court. Podemos ayudarlo a encontrar multas de tr\u00e1nsito perdidas, liquidar..\" \/>\n<meta name=\"robots\" content=\"index, follow, max-snippet:-1, max-image-preview:large, max-video-preview:-1\" \/>\n<link rel=\"canonical\" href=\"https:\/\/fixyourtickets.com\/es\/buscar-mi-multa\/henderson-justice-court\/\" \/>\n<meta property=\"og:locale\" content=\"en_US\" \/>\n<meta property=\"og:type\" content=\"article\" \/>\n<meta property=\"og:title\" content=\"Buscar una Multa de Tr\u00e1fico en Henderson Justice Court\" \/>\n<meta property=\"og:description\" content=\"Bienvenido a FixYourTickets.com buscar una multa de tr\u00e1fico en Henderson Justice Court. Podemos ayudarlo a encontrar multas de tr\u00e1nsito perdidas, liquidar..\" \/>\n<meta property=\"og:url\" content=\"https:\/\/fixyourtickets.com\/es\/buscar-mi-multa\/henderson-justice-court\/\" \/>\n<meta property=\"og:site_name\" content=\"Fix Your Tickets\" \/>\n<meta property=\"article:publisher\" content=\"https:\/\/www.facebook.com\/FixYourTickets\/\" \/>\n<meta property=\"article:modified_time\" content=\"2019-11-27T19:37:03+00:00\" \/>\n<meta name=\"twitter:card\" content=\"summary_large_image\" \/>\n<meta name=\"twitter:site\" content=\"@fixyourtickets\" \/>\n<meta name=\"twitter:label1\" content=\"Est. reading time\" \/>\n\t<meta name=\"twitter:data1\" content=\"1 minute\" \/>\n<script type=\"application\/ld+json\" class=\"yoast-schema-graph\">{\"@context\":\"https:\\\/\\\/schema.org\",\"@graph\":[{\"@type\":\"WebPage\",\"@id\":\"https:\\\/\\\/fixyourtickets.com\\\/es\\\/buscar-mi-multa\\\/henderson-justice-court\\\/\",\"url\":\"https:\\\/\\\/fixyourtickets.com\\\/es\\\/buscar-mi-multa\\\/henderson-justice-court\\\/\",\"name\":\"Buscar una Multa de Tr\u00e1fico en Henderson Justice Court\",\"isPartOf\":{\"@id\":\"https:\\\/\\\/fixyourtickets.com\\\/es\\\/#website\"},\"datePublished\":\"2018-02-10T21:52:20+00:00\",\"dateModified\":\"2019-11-27T19:37:03+00:00\",\"description\":\"Bienvenido a FixYourTickets.com buscar una multa de tr\u00e1fico en Henderson Justice Court. Podemos ayudarlo a encontrar multas de tr\u00e1nsito perdidas, liquidar..\",\"breadcrumb\":{\"@id\":\"https:\\\/\\\/fixyourtickets.com\\\/es\\\/buscar-mi-multa\\\/henderson-justice-court\\\/#breadcrumb\"},\"inLanguage\":\"en\",\"potentialAction\":[{\"@type\":\"ReadAction\",\"target\":[\"https:\\\/\\\/fixyourtickets.com\\\/es\\\/buscar-mi-multa\\\/henderson-justice-court\\\/\"]}]},{\"@type\":\"BreadcrumbList\",\"@id\":\"https:\\\/\\\/fixyourtickets.com\\\/es\\\/buscar-mi-multa\\\/henderson-justice-court\\\/#breadcrumb\",\"itemListElement\":[{\"@type\":\"ListItem\",\"position\":1,\"name\":\"Home\",\"item\":\"https:\\\/\\\/fixyourtickets.com\\\/es\\\/\"},{\"@type\":\"ListItem\",\"position\":2,\"name\":\"Buscar mi Multa\",\"item\":\"https:\\\/\\\/fixyourtickets.com\\\/es\\\/buscar-mi-multa\\\/\"},{\"@type\":\"ListItem\",\"position\":3,\"name\":\"Henderson Justice Court\"}]},{\"@type\":\"WebSite\",\"@id\":\"https:\\\/\\\/fixyourtickets.com\\\/es\\\/#website\",\"url\":\"https:\\\/\\\/fixyourtickets.com\\\/es\\\/\",\"name\":\"Fix Your Tickets\",\"description\":\"Las Vegas Traffic Ticket Attorney\",\"publisher\":{\"@id\":\"https:\\\/\\\/fixyourtickets.com\\\/es\\\/#organization\"},\"potentialAction\":[{\"@type\":\"SearchAction\",\"target\":{\"@type\":\"EntryPoint\",\"urlTemplate\":\"https:\\\/\\\/fixyourtickets.com\\\/es\\\/?s={search_term_string}\"},\"query-input\":{\"@type\":\"PropertyValueSpecification\",\"valueRequired\":true,\"valueName\":\"search_term_string\"}}],\"inLanguage\":\"en\"},{\"@type\":\"Organization\",\"@id\":\"https:\\\/\\\/fixyourtickets.com\\\/es\\\/#organization\",\"name\":\"Fix Your Tickets Las Vegas\",\"url\":\"https:\\\/\\\/fixyourtickets.com\\\/es\\\/\",\"logo\":{\"@type\":\"ImageObject\",\"inLanguage\":\"en\",\"@id\":\"https:\\\/\\\/fixyourtickets.com\\\/es\\\/#\\\/schema\\\/logo\\\/image\\\/\",\"url\":\"\",\"contentUrl\":\"\",\"caption\":\"Fix Your Tickets Las Vegas\"},\"image\":{\"@id\":\"https:\\\/\\\/fixyourtickets.com\\\/es\\\/#\\\/schema\\\/logo\\\/image\\\/\"},\"sameAs\":[\"https:\\\/\\\/www.facebook.com\\\/FixYourTickets\\\/\",\"https:\\\/\\\/x.com\\\/fixyourtickets\",\"https:\\\/\\\/www.instagram.com\\\/fixyourtickets\\\/\",\"https:\\\/\\\/www.linkedin.com\\\/company\\\/fix-your-tickets\\\/\",\"https:\\\/\\\/www.pinterest.com\\\/fixyourtickets\\\/\"]}]}<\/script>\n<!-- \/ Yoast SEO plugin. -->","yoast_head_json":{"title":"Buscar una Multa de Tr\u00e1fico en Henderson Justice Court","description":"Bienvenido a FixYourTickets.com buscar una multa de tr\u00e1fico en Henderson Justice Court. Podemos ayudarlo a encontrar multas de tr\u00e1nsito perdidas, liquidar..","robots":{"index":"index","follow":"follow","max-snippet":"max-snippet:-1","max-image-preview":"max-image-preview:large","max-video-preview":"max-video-preview:-1"},"canonical":"https:\/\/fixyourtickets.com\/es\/buscar-mi-multa\/henderson-justice-court\/","og_locale":"en_US","og_type":"article","og_title":"Buscar una Multa de Tr\u00e1fico en Henderson Justice Court","og_description":"Bienvenido a FixYourTickets.com buscar una multa de tr\u00e1fico en Henderson Justice Court. Podemos ayudarlo a encontrar multas de tr\u00e1nsito perdidas, liquidar..","og_url":"https:\/\/fixyourtickets.com\/es\/buscar-mi-multa\/henderson-justice-court\/","og_site_name":"Fix Your Tickets","article_publisher":"https:\/\/www.facebook.com\/FixYourTickets\/","article_modified_time":"2019-11-27T19:37:03+00:00","twitter_card":"summary_large_image","twitter_site":"@fixyourtickets","twitter_misc":{"Est. reading time":"1 minute"},"schema":{"@context":"https:\/\/schema.org","@graph":[{"@type":"WebPage","@id":"https:\/\/fixyourtickets.com\/es\/buscar-mi-multa\/henderson-justice-court\/","url":"https:\/\/fixyourtickets.com\/es\/buscar-mi-multa\/henderson-justice-court\/","name":"Buscar una Multa de Tr\u00e1fico en Henderson Justice Court","isPartOf":{"@id":"https:\/\/fixyourtickets.com\/es\/#website"},"datePublished":"2018-02-10T21:52:20+00:00","dateModified":"2019-11-27T19:37:03+00:00","description":"Bienvenido a FixYourTickets.com buscar una multa de tr\u00e1fico en Henderson Justice Court. Podemos ayudarlo a encontrar multas de tr\u00e1nsito perdidas, liquidar..","breadcrumb":{"@id":"https:\/\/fixyourtickets.com\/es\/buscar-mi-multa\/henderson-justice-court\/#breadcrumb"},"inLanguage":"en","potentialAction":[{"@type":"ReadAction","target":["https:\/\/fixyourtickets.com\/es\/buscar-mi-multa\/henderson-justice-court\/"]}]},{"@type":"BreadcrumbList","@id":"https:\/\/fixyourtickets.com\/es\/buscar-mi-multa\/henderson-justice-court\/#breadcrumb","itemListElement":[{"@type":"ListItem","position":1,"name":"Home","item":"https:\/\/fixyourtickets.com\/es\/"},{"@type":"ListItem","position":2,"name":"Buscar mi Multa","item":"https:\/\/fixyourtickets.com\/es\/buscar-mi-multa\/"},{"@type":"ListItem","position":3,"name":"Henderson Justice Court"}]},{"@type":"WebSite","@id":"https:\/\/fixyourtickets.com\/es\/#website","url":"https:\/\/fixyourtickets.com\/es\/","name":"Fix Your Tickets","description":"Las Vegas Traffic Ticket Attorney","publisher":{"@id":"https:\/\/fixyourtickets.com\/es\/#organization"},"potentialAction":[{"@type":"SearchAction","target":{"@type":"EntryPoint","urlTemplate":"https:\/\/fixyourtickets.com\/es\/?s={search_term_string}"},"query-input":{"@type":"PropertyValueSpecification","valueRequired":true,"valueName":"search_term_string"}}],"inLanguage":"en"},{"@type":"Organization","@id":"https:\/\/fixyourtickets.com\/es\/#organization","name":"Fix Your Tickets Las Vegas","url":"https:\/\/fixyourtickets.com\/es\/","logo":{"@type":"ImageObject","inLanguage":"en","@id":"https:\/\/fixyourtickets.com\/es\/#\/schema\/logo\/image\/","url":"","contentUrl":"","caption":"Fix Your Tickets Las Vegas"},"image":{"@id":"https:\/\/fixyourtickets.com\/es\/#\/schema\/logo\/image\/"},"sameAs":["https:\/\/www.facebook.com\/FixYourTickets\/","https:\/\/x.com\/fixyourtickets","https:\/\/www.instagram.com\/fixyourtickets\/","https:\/\/www.linkedin.com\/company\/fix-your-tickets\/","https:\/\/www.pinterest.com\/fixyourtickets\/"]}]}},"_links":{"self":[{"href":"https:\/\/fixyourtickets.com\/es\/wp-json\/wp\/v2\/pages\/3528","targetHints":{"allow":["GET"]}}],"collection":[{"href":"https:\/\/fixyourtickets.com\/es\/wp-json\/wp\/v2\/pages"}],"about":[{"href":"https:\/\/fixyourtickets.com\/es\/wp-json\/wp\/v2\/types\/page"}],"author":[{"embeddable":true,"href":"https:\/\/fixyourtickets.com\/es\/wp-json\/wp\/v2\/users\/211"}],"replies":[{"embeddable":true,"href":"https:\/\/fixyourtickets.com\/es\/wp-json\/wp\/v2\/comments?post=3528"}],"version-history":[{"count":0,"href":"https:\/\/fixyourtickets.com\/es\/wp-json\/wp\/v2\/pages\/3528\/revisions"}],"up":[{"embeddable":true,"href":"https:\/\/fixyourtickets.com\/es\/wp-json\/wp\/v2\/pages\/3464"}],"wp:attachment":[{"href":"https:\/\/fixyourtickets.com\/es\/wp-json\/wp\/v2\/media?parent=3528"}],"curies":[{"name":"wp","href":"https:\/\/api.w.org\/{rel}","templated":true}]}}