{"id":7,"date":"2018-01-12T21:20:03","date_gmt":"2018-01-12T21:20:03","guid":{"rendered":"http:\/\/bonapp.plazaimagen.com\/?page_id=7"},"modified":"2021-05-19T14:59:13","modified_gmt":"2021-05-19T18:59:13","slug":"home","status":"publish","type":"page","link":"https:\/\/fixyourtickets.com\/es\/","title":{"rendered":""},"content":{"rendered":"<p><a href=\"tel:+1702XXXXXXX\"><img decoding=\"async\" class=\"aligncenter wp-image-3927 size-full\" title=\"Adogados de Tr\u00e1fico en Las Vegas\" src=\"https:\/\/fixyourtickets.com\/es\/wp-content\/uploads\/2019\/11\/FixYourTickets.com_.png\" alt=\"Adogados de Tr\u00e1fico en Las Vegas\" width=\"1000\" height=\"380\" srcset=\"https:\/\/fixyourtickets.com\/es\/wp-content\/uploads\/2019\/11\/FixYourTickets.com_.png 1000w, https:\/\/fixyourtickets.com\/es\/wp-content\/uploads\/2019\/11\/FixYourTickets.com_-300x114.png 300w, https:\/\/fixyourtickets.com\/es\/wp-content\/uploads\/2019\/11\/FixYourTickets.com_-768x292.png 768w\" sizes=\"(max-width: 1000px) 100vw, 1000px\" \/><\/a><\/p>\n<h2 style=\"text-align: center;\">Abogados de Tr\u00e1fico en Las Vegas<\/h2>\n<div class=\"one_third\">\n<h5 style=\"text-align: center;\"><a href=\"https:\/\/fixyourtickets.com\/es\/repara-mi-multa-rapida\/\">Tengo una multa<\/a><\/h5>\n<\/div>\n<div class=\"one_third\">\n<h5 style=\"text-align: center;\"><a href=\"https:\/\/fixyourtickets.com\/es\/buscar-mi-multa\/\">Perd\u00ed mi multa<\/a><\/h5>\n<\/div>\n<div class=\"one_third last\">\n<h5 style=\"text-align: center;\"><a href=\"https:\/\/fixyourtickets.com\/es\/tengo-una-orden-de-arresto\/\">Orden de Arresto<\/a><\/h5>\n<\/div>\n<div class=\"clear\"><\/div>\n<hr \/>\n<h3 style=\"text-align: center;\">Cont\u00e1ctenos ahora y podemos ayudarlo a dejar sus problemas atr\u00e1s.<\/h3>\n<h3 style=\"text-align: center;\">En la mayor\u00eda de los casos, podemos manejar<\/h3>\n<h3 style=\"text-align: center;\">las multas de tr\u00e1fico para usted,<\/h3>\n<h3 style=\"text-align: center;\">para que no tenga que ir a la corte.<\/h3>\n<h5 style=\"text-align: center;\"><a href=\"tel:+1702XXXXXXX\">702-XXX-XXXX<\/a><\/h5>\n<hr \/>\n<h2 style=\"text-align: center;\">Nuestros abogados pueden arreglar las multas de tr\u00e1fico en<\/h2>\n<div class=\"one_fourth\">\n<h5 style=\"text-align: center;\"><a href=\"https:\/\/fixyourtickets.com\/es\/repara-mi-multa-rapida\/\">Las Vegas<\/a><\/h5>\n<\/div>\n<div class=\"one_fourth\">\n<h5 style=\"text-align: center;\"><a href=\"https:\/\/fixyourtickets.com\/es\/repara-mi-multa-rapida\/\">North Las Vegas<\/a><\/h5>\n<\/div>\n<div class=\"one_fourth\">\n<h5 style=\"text-align: center;\"><a href=\"https:\/\/fixyourtickets.com\/es\/repara-mi-multa-rapida\/\">Henderson<\/a><\/h5>\n<\/div>\n<div class=\"one_fourth last\">\n<h5 style=\"text-align: center;\"><a href=\"https:\/\/fixyourtickets.com\/es\/repara-mi-multa-rapida\/\">Boulder City<\/a><\/h5>\n<\/div>\n<div class=\"clear\"><\/div>\n<hr \/>\n<h2 style=\"text-align: center;\">Abogado para Multas de Tr\u00e1fico en Las Vegas<\/h2>\n<p>Si est\u00e1 buscando la mejor soluci\u00f3n para las multas de tr\u00e1fico en Las Vegas, este es el lugar ideal. Puedo ayudar a los conductores en la ciudad de Las Vegas, Henderson y Boulder City a resolver sus sobresalientes multas de tr\u00e1fico. Una multa de tr\u00e1fico puede causar muchos problemas y arruinar su registro de manejo. Arregle la multa lo antes posible antes de que se agote la suerte.<\/p>\n<p>&nbsp;<\/p>\n<p>Tenemos todos los recursos que necesita para arreglar su multa de tr\u00e1fico. Muchas veces puede evitar ir a la escuela de tr\u00e1nsito o al tribunal poni\u00e9ndose en contacto conmigo. Mi nombre es XXXX XXXXXXX y estoy listo para atender su llamada. Arreglemos su multa para evitar que aumenten las tasas de seguro o que se emita una orden judicial.<\/p>\n<hr \/>\n<h3 style=\"text-align: center;\">Tasas de Seguro despu\u00e9s de una multa de tr\u00e1fico<\/h3>\n<p>Una de las consecuencias de obtener una multa es mayores tasas de seguro. Las compa\u00f1\u00edas de seguros de autom\u00f3viles te cobrar\u00e1n m\u00e1s por el seguro. Este es un resultado desafortunado, pero no tiene por qu\u00e9 arruinar su futuro de conducci\u00f3n. Puedo ayudarlo a cuidar la multa antes de que se notifique a la compa\u00f1\u00eda de seguros. Si se paga, o si decide disputar la multa y ganar, es posible que no tenga que pagar una tasa de seguro m\u00e1s alta la pr\u00f3xima vez que renueve su cobertura. Hable conmigo hoy para obtener m\u00e1s informaci\u00f3n acerca de c\u00f3mo su tarifa de seguro de autom\u00f3vil se ver\u00e1 afectada por una multa.<\/p>\n<hr \/>\n<h3 style=\"text-align: center;\">Multas de tr\u00e1fico en Nevada<\/h3>\n<div class=\"su-row\">\n<div class=\"su-column su-column-size-1-2\">\n<div class=\"su-column-inner su-u-clearfix su-u-trim\">\n<p class=\"p1\"><a href=\"https:\/\/fixyourtickets.com\/es\/no-detiene-para-un-autobus-escolar\/\">No detiene para un autob\u00fas<\/a><\/p>\n<p class=\"p1\"><a href=\"https:\/\/fixyourtickets.com\/es\/violaciones-del-carril-de-carpool\/\">Violaciones del carril de Carpool<\/a><\/p>\n<p class=\"p1\"><a href=\"https:\/\/fixyourtickets.com\/es\/giro-en-u-ilegal-en-las-vegas-nevada\/\">Giro en U Ilegal<\/a><\/p>\n<p class=\"p1\"><a href=\"https:\/\/fixyourtickets.com\/es\/leyes-de-conduccion-imprudente-y-sanciones\/\">Conducci\u00f3n imprudente<\/a><\/p>\n<p class=\"p1\"><a href=\"https:\/\/fixyourtickets.com\/es\/leyes-obligaciones-y-penalidades-de-pega-y-corre\/\">Pega y Corre<\/a><\/p>\n<p class=\"p1\"><a href=\"https:\/\/fixyourtickets.com\/es\/no-dar-paso-a-los-peatones-en-una-multa-de-trafico-de-cruce-de-peatones\/\">No dar paso a los peatones<\/a><\/p>\n<p class=\"p1\"><a href=\"https:\/\/fixyourtickets.com\/es\/fallo-en-senalar-la-multa-de-infraccion-de-trafico-en-las-vegas-nevada\/\">Fallo en se\u00f1alar<\/a><\/p>\n<p class=\"p1\"><a href=\"https:\/\/fixyourtickets.com\/es\/conduciendo-a-traves-de-una-luz-roja-en-las-vegas-nevada\/\">Trav\u00e9s de una luz roja<\/a><\/p>\n<p class=\"p1\"><a href=\"https:\/\/fixyourtickets.com\/es\/conducir-sin-licencia-en-las-vegas-nevada\/\">Conducir sin licencia<\/a><\/p>\n<\/div>\n<\/div>\n<div class=\"su-column su-column-size-1-2\">\n<div class=\"su-column-inner su-u-clearfix su-u-trim\">\n<p class=\"p1\"><a href=\"https:\/\/fixyourtickets.com\/es\/dui-multas-y-sanciones-en-las-vegas-nevada\/\">Conduciendo bajo la influencia<\/a><\/p>\n<p class=\"p1\"><a href=\"https:\/\/fixyourtickets.com\/es\/conducir-sin-seguro-de-auto-en-las-vegas-nevada\/\">Conducir sin seguro<\/a><\/p>\n<p class=\"p1\"><a href=\"https:\/\/fixyourtickets.com\/es\/conducir-sin-registro-en-las-vegas-nevada\/\">Conducir sin registro<\/a><\/p>\n<p class=\"p1\"><a href=\"https:\/\/fixyourtickets.com\/es\/como-deshacerse-de-una-orden-de-arresto-en-las-vegas-nevada\/\">Deshacerse de una orden de arresto<\/a><\/p>\n<p class=\"p1\"><a href=\"https:\/\/fixyourtickets.com\/es\/multa-de-exceso-de-velocidad-en-las-vegas-nevada\/\">Exceso de Velocidad<\/a><\/p>\n<p class=\"p1\"><a href=\"https:\/\/fixyourtickets.com\/es\/multa-de-cinturon-de-seguridad-en-las-vegas-nevada\/\">Cintur\u00f3n de Seguridad<\/a><\/p>\n<p class=\"p1\"><a href=\"https:\/\/fixyourtickets.com\/es\/sistema-de-punto-demerit-de-nevada\/\">Sistema de punto Demerit<\/a><\/p>\n<p class=\"p1\"><a href=\"https:\/\/fixyourtickets.com\/es\/conducir-en-nevada-las-leyes-de-uso-del-telefono-celular-de-mano\/\">Uso del tel\u00e9fono celular<\/a><\/p>\n<p class=\"p1\"><a href=\"https:\/\/fixyourtickets.com\/es\/repara-mi-multa-rapida\/\">Repara mi Multa Rapida<\/a><\/p>\n<\/div>\n<\/div>\n<\/div>\n<hr \/>\n<h3 style=\"text-align: center;\">Opciones Cuando Recibe una Multa<\/h3>\n<p>Despu\u00e9s de recibir una multa, tendr\u00e1 varias opciones disponibles para usted. Esto incluye la opci\u00f3n de pagar la multa. Esta es probablemente la mejor opci\u00f3n. Al pagar la multa, usted cumplir\u00e1 con la obligaci\u00f3n que tiene por la infracci\u00f3n de tr\u00e1nsito por la que fue citado.<\/p>\n<p>&nbsp;<\/p>\n<p>Otra opci\u00f3n es no pagar la multa. Esto conducir\u00e1 a una secuencia de eventos que pueden no estar a su favor. Esto incluye una orden judicial que podr\u00eda ser emitida por un tribunal si tiene varios multas impagos.<\/p>\n<p>&nbsp;<\/p>\n<p>Hay una tercera opci\u00f3n. Podr\u00eda disputar la multa en la corte. Al cuestionar la multa ante un juez, es posible que pueda evitar pagar el costo de la multa. Puede sonar como una buena idea, pero las posibilidades son escasas, especialmente si te representas en la corte.<\/p>\n<p>&nbsp;<\/p>\n<p>La \u00faltima opci\u00f3n es contratarme: un abogado con experiencia en venta de entradas. Puedo representarlo bien en el tribunal y mejorar las posibilidades de ganar una disputa por una multa. No tendr\u00e1 que ir a la corte y no perder\u00e1 ning\u00fan trabajo. Existe la posibilidad de que pueda reducir las multas tambi\u00e9n.<\/p>\n<hr \/>\n<h3 style=\"text-align: center;\">\u00bfQu\u00e9 sucede si pierdo mi multa?<\/h3>\n<p>Una de las cosas desafortunadas que pueden suceder es que pierdas tu multa. Una multa perdido nunca es bueno. Si esto sucede, hay una manera de recuperarlo. En mi sitio web, hay una herramienta de b\u00fasqueda de tickets que le permite encontrar su multa. Es f\u00e1cil de usar En solo unos minutos, puede encontrar la multa con esta herramienta de b\u00fasqueda de multas. Una multa perdido no es bueno. Encu\u00e9ntralo r\u00e1pidamente hoy.<\/p>\n<hr \/>\n<h3 style=\"text-align: center;\">Por qu\u00e9 es importante contratar un abogado<\/h3>\n<p>Hay varias razones para contratar a un abogado de tr\u00e1fico. La raz\u00f3n m\u00e1s importante es que no tendr\u00e1s que lidiar con la corte. Un abogado puede representarlo ante un tribunal y tratar con la multa de tr\u00e1fico sin interferir con su horario. Podr\u00e1 ir a trabajar seg\u00fan lo programado, en lugar de ir a la corte. Otro beneficio potencial de contratar a un abogado de tr\u00e1fico es que el abogado puede negociar por usted y obtener varias cosas a cambio. Por ejemplo, no tendr\u00e1 que ir a la escuela de tr\u00e1fico, y es posible que pueda pagar una cantidad menor por multas.<\/p>\n<hr \/>\n<h3 style=\"text-align: center;\">\u00bfNecesito un abogado si no pagu\u00e9 mi multa?<\/h3>\n<p>Es posible que necesite un abogado si no pag\u00f3 una multa. La raz\u00f3n es que es muy probable que un tribunal emita una orden de compra de multas no pagados. Estoy recomendando que hable con un abogado especializado en multas. Puedo representarte bien en este asunto. Si no est\u00e1 seguro de qu\u00e9 hacer, ll\u00e1meme hoy. Puedo explicar algunos de los problemas relacionados con su caso. Tambi\u00e9n puedo informarle acerca de los beneficios de contratarme. Una multa puede no parecer una gran preocupaci\u00f3n, pero puede afectar su futuro si no se atiende adecuadamente. Pero no renuncies a tus derechos solo para dejar atr\u00e1s este asunto. Vea qu\u00e9 opciones est\u00e1n disponibles y vea si tiene un argumento leg\u00edtimo que podr\u00eda ahorrarle dinero, tiempo y molestias innecesarias.<\/p>\n<hr \/>\n<h3 style=\"text-align: center;\">El abogado adecuado para arreglar sus multas<\/h3>\n<p>Mi nombre es XXXX XXXXXXX. Soy un abogado con experiencia. P\u00f3ngase en contacto conmigo para obtener asesoramiento legal y representaci\u00f3n. Soy originario de Dallas, Texas. Tambi\u00e9n pas\u00e9 una parte importante de mi vida en Am\u00e9rica del Sur, donde aprend\u00ed a hablar espa\u00f1ol. Me gradu\u00e9 de BYU con un diploma en Ciencias Pol\u00edticas y obtuve un t\u00edtulo en Derecho en UNLV. Antes de abrir mi propio bufete de abogados en 2015, trabaj\u00e9 para una organizaci\u00f3n sin fines de lucro en el sector de la educaci\u00f3n. Tambi\u00e9n trabaj\u00e9 en varias campa\u00f1as pol\u00edticas.<\/p>\n<hr \/>\n<h3 style=\"text-align: center;\">Nuestros abogados de multas de tr\u00e1fico est\u00e1n sirviendo:<\/h3>\n<div class=\"one_fourth\">\n<h5 style=\"text-align: center;\"><a href=\"https:\/\/fixyourtickets.com\/es\/repara-mi-multa-rapida\/\">Las Vegas<\/a><\/h5>\n<\/div>\n<div class=\"one_fourth\">\n<h5 style=\"text-align: center;\"><a href=\"https:\/\/fixyourtickets.com\/es\/repara-mi-multa-rapida\/\">North Las Vegas<\/a><\/h5>\n<\/div>\n<div class=\"one_fourth\">\n<h5 style=\"text-align: center;\"><a href=\"https:\/\/fixyourtickets.com\/es\/repara-mi-multa-rapida\/\">Henderson<\/a><\/h5>\n<\/div>\n<div class=\"one_fourth last\">\n<h5 style=\"text-align: center;\"><a href=\"https:\/\/fixyourtickets.com\/es\/repara-mi-multa-rapida\/\">Boulder City<\/a><\/h5>\n<\/div>\n<div class=\"clear\"><\/div>\n<hr \/>\n","protected":false},"excerpt":{"rendered":"<p>Abogados de Tr\u00e1fico en Las Vegas Cont\u00e1ctenos ahora y podemos ayudarlo a dejar sus problemas atr\u00e1s. En la mayor\u00eda de los casos, podemos manejar las multas de tr\u00e1fico para usted, para que no tenga que ir a la corte. 702-XXX-XXXX Nuestros abogados pueden arreglar las multas de tr\u00e1fico en Abogado para Multas de Tr\u00e1fico en [&hellip;]<\/p>\n","protected":false},"author":211,"featured_media":0,"parent":0,"menu_order":0,"comment_status":"open","ping_status":"closed","template":"","meta":{"footnotes":""},"class_list":["post-7","page","type-page","status-publish","hentry"],"yoast_head":"<!-- This site is optimized with the Yoast SEO plugin v27.4 - https:\/\/yoast.com\/product\/yoast-seo-wordpress\/ -->\n<title>Fix Your Tickets | Abogado de Las Vegas por multas de tr\u00e1nsito<\/title>\n<meta name=\"description\" content=\"Nuestro abogado de multas de tr\u00e1nsito de Las Vegas puede ayudarlo a reducir una multa o una orden judicial. Contactarse 702-XXX-XXXX\" \/>\n<meta name=\"robots\" content=\"index, follow, max-snippet:-1, max-image-preview:large, max-video-preview:-1\" \/>\n<link rel=\"canonical\" href=\"https:\/\/fixyourtickets.com\/es\/\" \/>\n<meta property=\"og:locale\" content=\"en_US\" \/>\n<meta property=\"og:type\" content=\"article\" \/>\n<meta property=\"og:title\" content=\"Fix Your Tickets | Abogado de Las Vegas por multas de tr\u00e1nsito\" \/>\n<meta property=\"og:description\" content=\"Nuestro abogado de multas de tr\u00e1nsito de Las Vegas puede ayudarlo a reducir una multa o una orden judicial. Contactarse 702-XXX-XXXX\" \/>\n<meta property=\"og:url\" content=\"https:\/\/fixyourtickets.com\/es\/\" \/>\n<meta property=\"og:site_name\" content=\"Fix Your Tickets\" \/>\n<meta property=\"article:publisher\" content=\"https:\/\/www.facebook.com\/FixYourTickets\/\" \/>\n<meta property=\"article:modified_time\" content=\"2021-05-19T18:59:13+00:00\" \/>\n<meta property=\"og:image\" content=\"https:\/\/fixyourtickets.com\/es\/wp-content\/uploads\/2019\/11\/FixYourTickets.com_.png\" \/>\n<meta name=\"twitter:card\" content=\"summary_large_image\" \/>\n<meta name=\"twitter:site\" content=\"@fixyourtickets\" \/>\n<meta name=\"twitter:label1\" content=\"Est. reading time\" \/>\n\t<meta name=\"twitter:data1\" content=\"6 minutes\" \/>\n<script type=\"application\/ld+json\" class=\"yoast-schema-graph\">{\"@context\":\"https:\\\/\\\/schema.org\",\"@graph\":[{\"@type\":\"WebPage\",\"@id\":\"https:\\\/\\\/fixyourtickets.com\\\/es\\\/\",\"url\":\"https:\\\/\\\/fixyourtickets.com\\\/es\\\/\",\"name\":\"Fix Your Tickets | Abogado de Las Vegas por multas de tr\u00e1nsito\",\"isPartOf\":{\"@id\":\"https:\\\/\\\/fixyourtickets.com\\\/es\\\/#website\"},\"primaryImageOfPage\":{\"@id\":\"https:\\\/\\\/fixyourtickets.com\\\/es\\\/#primaryimage\"},\"image\":{\"@id\":\"https:\\\/\\\/fixyourtickets.com\\\/es\\\/#primaryimage\"},\"thumbnailUrl\":\"https:\\\/\\\/fixyourtickets.com\\\/es\\\/wp-content\\\/uploads\\\/2019\\\/11\\\/FixYourTickets.com_.png\",\"datePublished\":\"2018-01-12T21:20:03+00:00\",\"dateModified\":\"2021-05-19T18:59:13+00:00\",\"description\":\"Nuestro abogado de multas de tr\u00e1nsito de Las Vegas puede ayudarlo a reducir una multa o una orden judicial. Contactarse 702-XXX-XXXX\",\"inLanguage\":\"en\",\"potentialAction\":[{\"@type\":\"ReadAction\",\"target\":[\"https:\\\/\\\/fixyourtickets.com\\\/es\\\/\"]}]},{\"@type\":\"ImageObject\",\"inLanguage\":\"en\",\"@id\":\"https:\\\/\\\/fixyourtickets.com\\\/es\\\/#primaryimage\",\"url\":\"https:\\\/\\\/fixyourtickets.com\\\/es\\\/wp-content\\\/uploads\\\/2019\\\/11\\\/FixYourTickets.com_.png\",\"contentUrl\":\"https:\\\/\\\/fixyourtickets.com\\\/es\\\/wp-content\\\/uploads\\\/2019\\\/11\\\/FixYourTickets.com_.png\",\"width\":1000,\"height\":380},{\"@type\":\"WebSite\",\"@id\":\"https:\\\/\\\/fixyourtickets.com\\\/es\\\/#website\",\"url\":\"https:\\\/\\\/fixyourtickets.com\\\/es\\\/\",\"name\":\"Fix Your Tickets\",\"description\":\"Las Vegas Traffic Ticket Attorney\",\"publisher\":{\"@id\":\"https:\\\/\\\/fixyourtickets.com\\\/es\\\/#organization\"},\"potentialAction\":[{\"@type\":\"SearchAction\",\"target\":{\"@type\":\"EntryPoint\",\"urlTemplate\":\"https:\\\/\\\/fixyourtickets.com\\\/es\\\/?s={search_term_string}\"},\"query-input\":{\"@type\":\"PropertyValueSpecification\",\"valueRequired\":true,\"valueName\":\"search_term_string\"}}],\"inLanguage\":\"en\"},{\"@type\":\"Organization\",\"@id\":\"https:\\\/\\\/fixyourtickets.com\\\/es\\\/#organization\",\"name\":\"Fix Your Tickets Las Vegas\",\"url\":\"https:\\\/\\\/fixyourtickets.com\\\/es\\\/\",\"logo\":{\"@type\":\"ImageObject\",\"inLanguage\":\"en\",\"@id\":\"https:\\\/\\\/fixyourtickets.com\\\/es\\\/#\\\/schema\\\/logo\\\/image\\\/\",\"url\":\"\",\"contentUrl\":\"\",\"caption\":\"Fix Your Tickets Las Vegas\"},\"image\":{\"@id\":\"https:\\\/\\\/fixyourtickets.com\\\/es\\\/#\\\/schema\\\/logo\\\/image\\\/\"},\"sameAs\":[\"https:\\\/\\\/www.facebook.com\\\/FixYourTickets\\\/\",\"https:\\\/\\\/x.com\\\/fixyourtickets\",\"https:\\\/\\\/www.instagram.com\\\/fixyourtickets\\\/\",\"https:\\\/\\\/www.linkedin.com\\\/company\\\/fix-your-tickets\\\/\",\"https:\\\/\\\/www.pinterest.com\\\/fixyourtickets\\\/\"]}]}<\/script>\n<!-- \/ Yoast SEO plugin. -->","yoast_head_json":{"title":"Fix Your Tickets | Abogado de Las Vegas por multas de tr\u00e1nsito","description":"Nuestro abogado de multas de tr\u00e1nsito de Las Vegas puede ayudarlo a reducir una multa o una orden judicial. Contactarse 702-XXX-XXXX","robots":{"index":"index","follow":"follow","max-snippet":"max-snippet:-1","max-image-preview":"max-image-preview:large","max-video-preview":"max-video-preview:-1"},"canonical":"https:\/\/fixyourtickets.com\/es\/","og_locale":"en_US","og_type":"article","og_title":"Fix Your Tickets | Abogado de Las Vegas por multas de tr\u00e1nsito","og_description":"Nuestro abogado de multas de tr\u00e1nsito de Las Vegas puede ayudarlo a reducir una multa o una orden judicial. Contactarse 702-XXX-XXXX","og_url":"https:\/\/fixyourtickets.com\/es\/","og_site_name":"Fix Your Tickets","article_publisher":"https:\/\/www.facebook.com\/FixYourTickets\/","article_modified_time":"2021-05-19T18:59:13+00:00","og_image":[{"url":"https:\/\/fixyourtickets.com\/es\/wp-content\/uploads\/2019\/11\/FixYourTickets.com_.png","type":"","width":"","height":""}],"twitter_card":"summary_large_image","twitter_site":"@fixyourtickets","twitter_misc":{"Est. reading time":"6 minutes"},"schema":{"@context":"https:\/\/schema.org","@graph":[{"@type":"WebPage","@id":"https:\/\/fixyourtickets.com\/es\/","url":"https:\/\/fixyourtickets.com\/es\/","name":"Fix Your Tickets | Abogado de Las Vegas por multas de tr\u00e1nsito","isPartOf":{"@id":"https:\/\/fixyourtickets.com\/es\/#website"},"primaryImageOfPage":{"@id":"https:\/\/fixyourtickets.com\/es\/#primaryimage"},"image":{"@id":"https:\/\/fixyourtickets.com\/es\/#primaryimage"},"thumbnailUrl":"https:\/\/fixyourtickets.com\/es\/wp-content\/uploads\/2019\/11\/FixYourTickets.com_.png","datePublished":"2018-01-12T21:20:03+00:00","dateModified":"2021-05-19T18:59:13+00:00","description":"Nuestro abogado de multas de tr\u00e1nsito de Las Vegas puede ayudarlo a reducir una multa o una orden judicial. Contactarse 702-XXX-XXXX","inLanguage":"en","potentialAction":[{"@type":"ReadAction","target":["https:\/\/fixyourtickets.com\/es\/"]}]},{"@type":"ImageObject","inLanguage":"en","@id":"https:\/\/fixyourtickets.com\/es\/#primaryimage","url":"https:\/\/fixyourtickets.com\/es\/wp-content\/uploads\/2019\/11\/FixYourTickets.com_.png","contentUrl":"https:\/\/fixyourtickets.com\/es\/wp-content\/uploads\/2019\/11\/FixYourTickets.com_.png","width":1000,"height":380},{"@type":"WebSite","@id":"https:\/\/fixyourtickets.com\/es\/#website","url":"https:\/\/fixyourtickets.com\/es\/","name":"Fix Your Tickets","description":"Las Vegas Traffic Ticket Attorney","publisher":{"@id":"https:\/\/fixyourtickets.com\/es\/#organization"},"potentialAction":[{"@type":"SearchAction","target":{"@type":"EntryPoint","urlTemplate":"https:\/\/fixyourtickets.com\/es\/?s={search_term_string}"},"query-input":{"@type":"PropertyValueSpecification","valueRequired":true,"valueName":"search_term_string"}}],"inLanguage":"en"},{"@type":"Organization","@id":"https:\/\/fixyourtickets.com\/es\/#organization","name":"Fix Your Tickets Las Vegas","url":"https:\/\/fixyourtickets.com\/es\/","logo":{"@type":"ImageObject","inLanguage":"en","@id":"https:\/\/fixyourtickets.com\/es\/#\/schema\/logo\/image\/","url":"","contentUrl":"","caption":"Fix Your Tickets Las Vegas"},"image":{"@id":"https:\/\/fixyourtickets.com\/es\/#\/schema\/logo\/image\/"},"sameAs":["https:\/\/www.facebook.com\/FixYourTickets\/","https:\/\/x.com\/fixyourtickets","https:\/\/www.instagram.com\/fixyourtickets\/","https:\/\/www.linkedin.com\/company\/fix-your-tickets\/","https:\/\/www.pinterest.com\/fixyourtickets\/"]}]}},"_links":{"self":[{"href":"https:\/\/fixyourtickets.com\/es\/wp-json\/wp\/v2\/pages\/7","targetHints":{"allow":["GET"]}}],"collection":[{"href":"https:\/\/fixyourtickets.com\/es\/wp-json\/wp\/v2\/pages"}],"about":[{"href":"https:\/\/fixyourtickets.com\/es\/wp-json\/wp\/v2\/types\/page"}],"author":[{"embeddable":true,"href":"https:\/\/fixyourtickets.com\/es\/wp-json\/wp\/v2\/users\/211"}],"replies":[{"embeddable":true,"href":"https:\/\/fixyourtickets.com\/es\/wp-json\/wp\/v2\/comments?post=7"}],"version-history":[{"count":0,"href":"https:\/\/fixyourtickets.com\/es\/wp-json\/wp\/v2\/pages\/7\/revisions"}],"wp:attachment":[{"href":"https:\/\/fixyourtickets.com\/es\/wp-json\/wp\/v2\/media?parent=7"}],"curies":[{"name":"wp","href":"https:\/\/api.w.org\/{rel}","templated":true}]}}